{"id":1359,"date":"2022-02-25T12:52:03","date_gmt":"2022-02-25T15:52:03","guid":{"rendered":"https:\/\/www.eletronaval.com.br\/sobre\/"},"modified":"2024-01-08T11:39:31","modified_gmt":"2024-01-08T14:39:31","slug":"sobre","status":"publish","type":"page","link":"https:\/\/www.eletronaval.com.br\/es\/sobre\/","title":{"rendered":"Sobre"},"content":{"rendered":"\r\n\r\n\t<h1>\r\n\t\t\t\tSobre nosotros\r\n\t\t\t<\/h1>\r\n\t\t\t\t\r\n\t\t\t<h3>Sobre Eletronaval<\/h3>\t\t\t\r\n\t\t\t\t<p>Desde 1991, Eletronaval fue creada con el objetivo de innovar, desarrollar productos y soluciones para uno de los<br \/>m\u00e1s exigentes del mundo. Basados \u200b\u200ben valores s\u00f3lidos y claros, a\u00f1o tras a\u00f1o conquistamos nuestro espacio y el<br \/>reconocimiento de nuestros clientes, siendo parte de los m\u00e1s grandes e importantes proyectos de construcci\u00f3n de naves<br \/>y plataformas realizadas en Brasil y en el mundo.<\/p>\r\n\t\t\t\t<img fetchpriority=\"high\" decoding=\"async\" src=\"https:\/\/www.eletronaval.com.br\/wp-content\/uploads\/2021\/09\/Eletronaval-Sede-1-1024x724-1.jpg\" alt=\"Eletronaval-Sede-1-1024x724\" itemprop=\"image\" height=\"724\" width=\"1024\" title=\"Eletronaval-Sede-1-1024x724\" onerror=\"this.style.display='none'\"  \/>\r\n\t\t\t<h3>Vista<\/h3>\t\t\t\r\n\t\t\t\t<p>Ser el mayor fabricante nacional de equipos de iluminaci\u00f3n y el\u00e9ctricos en el ramo Naval &amp; Offshore, convirti\u00e9ndonos en un referente de excelencia en productos y servicio.<\/p>\r\n\t\t\t<h3>Misi\u00f3n<\/h3>\t\t\t\r\n\t\t\t\t<p>Producir equipos de alta calidad a un precio justo, con aplicaci\u00f3n en el \u00e1rea de iluminaci\u00f3n y electricidad con el fin de atender a todos los clientes en el ramo Naval &amp; Offshore.<\/p>\r\n\t\t\t<h3>Valores<\/h3>\t\t\t\r\n\t\t\t\t<p>PERSONAS respetadas, comprometidas y realizadas. EXCELENCIA con SIMPLICIDAD. CENTRARSE en los RESULTADOS<\/p>\r\n\t\t\t<h3>\u00a1Haz tu cotizaci\u00f3n con nosotros ahora!<\/h3>\t\t\t\r\n\t\t\t<a href=\"https:\/\/www.eletronaval.com.br\/es\/precio\/\" target=\"_self\" role=\"button\" aria-label=\"hacer una cotizaci\u00f3n\" rel=\"noopener\">\r\n\t\t\t\t\t\t\thacer una cotizaci\u00f3n\r\n\t\t<\/a>\r\n\r\n","protected":false},"excerpt":{"rendered":"<p>Sobre nosotros Sobre Eletronaval Desde 1991, Eletronaval fue creada con el objetivo de innovar, desarrollar productos y soluciones para uno de losm\u00e1s exigentes del mundo. Basados \u200b\u200ben valores s\u00f3lidos y claros, a\u00f1o tras a\u00f1o conquistamos nuestro espacio y elreconocimiento de nuestros clientes, siendo parte de los m\u00e1s grandes e importantes proyectos de construcci\u00f3n de navesy [&hellip;]<\/p>\n","protected":false},"author":1,"featured_media":0,"parent":0,"menu_order":0,"comment_status":"closed","ping_status":"closed","template":"","meta":{"site-sidebar-layout":"no-sidebar","site-content-layout":"page-builder","ast-site-content-layout":"full-width-container","site-content-style":"unboxed","site-sidebar-style":"unboxed","ast-global-header-display":"","ast-banner-title-visibility":"","ast-main-header-display":"","ast-hfb-above-header-display":"","ast-hfb-below-header-display":"","ast-hfb-mobile-header-display":"","site-post-title":"disabled","ast-breadcrumbs-content":"","ast-featured-img":"disabled","footer-sml-layout":"","ast-disable-related-posts":"","theme-transparent-header-meta":"enabled","adv-header-id-meta":"","stick-header-meta":"","header-above-stick-meta":"","header-main-stick-meta":"","header-below-stick-meta":"","astra-migrate-meta-layouts":"set","ast-page-background-enabled":"default","ast-page-background-meta":{"desktop":{"background-color":"","background-image":"","background-repeat":"repeat","background-position":"center center","background-size":"auto","background-attachment":"scroll","background-type":"","background-media":"","overlay-type":"","overlay-color":"","overlay-opacity":"","overlay-gradient":""},"tablet":{"background-color":"","background-image":"","background-repeat":"repeat","background-position":"center center","background-size":"auto","background-attachment":"scroll","background-type":"","background-media":"","overlay-type":"","overlay-color":"","overlay-opacity":"","overlay-gradient":""},"mobile":{"background-color":"","background-image":"","background-repeat":"repeat","background-position":"center center","background-size":"auto","background-attachment":"scroll","background-type":"","background-media":"","overlay-type":"","overlay-color":"","overlay-opacity":"","overlay-gradient":""}},"ast-content-background-meta":{"desktop":{"background-color":"var(--ast-global-color-5)","background-image":"","background-repeat":"repeat","background-position":"center center","background-size":"auto","background-attachment":"scroll","background-type":"","background-media":"","overlay-type":"","overlay-color":"","overlay-opacity":"","overlay-gradient":""},"tablet":{"background-color":"var(--ast-global-color-5)","background-image":"","background-repeat":"repeat","background-position":"center center","background-size":"auto","background-attachment":"scroll","background-type":"","background-media":"","overlay-type":"","overlay-color":"","overlay-opacity":"","overlay-gradient":""},"mobile":{"background-color":"var(--ast-global-color-5)","background-image":"","background-repeat":"repeat","background-position":"center center","background-size":"auto","background-attachment":"scroll","background-type":"","background-media":"","overlay-type":"","overlay-color":"","overlay-opacity":"","overlay-gradient":""}},"footnotes":""},"class_list":["post-1359","page","type-page","status-publish","hentry"],"_links":{"self":[{"href":"https:\/\/www.eletronaval.com.br\/es\/wp-json\/wp\/v2\/pages\/1359","targetHints":{"allow":["GET"]}}],"collection":[{"href":"https:\/\/www.eletronaval.com.br\/es\/wp-json\/wp\/v2\/pages"}],"about":[{"href":"https:\/\/www.eletronaval.com.br\/es\/wp-json\/wp\/v2\/types\/page"}],"author":[{"embeddable":true,"href":"https:\/\/www.eletronaval.com.br\/es\/wp-json\/wp\/v2\/users\/1"}],"replies":[{"embeddable":true,"href":"https:\/\/www.eletronaval.com.br\/es\/wp-json\/wp\/v2\/comments?post=1359"}],"version-history":[{"count":0,"href":"https:\/\/www.eletronaval.com.br\/es\/wp-json\/wp\/v2\/pages\/1359\/revisions"}],"wp:attachment":[{"href":"https:\/\/www.eletronaval.com.br\/es\/wp-json\/wp\/v2\/media?parent=1359"}],"curies":[{"name":"wp","href":"https:\/\/api.w.org\/{rel}","templated":true}]}}